{"id":293,"date":"2020-05-13T13:12:50","date_gmt":"2020-05-13T11:12:50","guid":{"rendered":"https:\/\/igelhilfe-lueneburger-heide.de\/wordpress\/?page_id=293"},"modified":"2024-06-27T15:44:12","modified_gmt":"2024-06-27T13:44:12","slug":"impressum","status":"publish","type":"page","link":"https:\/\/igelhilfe-lueneburger-heide.de\/?page_id=293","title":{"rendered":"Impressum"},"content":{"rendered":"<p><strong>Igelhilfe L\u00fcneburger Heide \u2013 Gemeinn\u00fctziger Verein f\u00fcr Tierschutz<\/strong><\/p>\n<p>Klaepenheide 13<br \/>\n29585 Jelmstorf, Deutschland<\/p>\n<p><strong>Kontakt<\/strong><\/p>\n<p>Anfragen k\u00f6nnen sehr gern \u00fcber unser <a href=\"https:\/\/igelhilfe-lueneburger-heide.de\/?page_id=23\">Kontaktformular<\/a>\u00a0gestellt werden.<\/p>\n<p>Weitere Kontaktm\u00f6glichkeiten:<\/p>\n<p>E-Mail:\u00a0Igelhilfe-lueneburger-heide@gmx.de<\/p>\n<p>Telefon: +49 5821 96 96 8 95<\/p>\n<p>&nbsp;<\/p>\n<p><strong>Vertreten durch den Vorstand:<\/strong><\/p>\n<p>Cordula Maria Kellner \u2013 Vorstandsvorsitzende Igelhilfe L\u00fcneburger Heide<\/p>\n<p>Jutta M\u00fcller-Staude \u2013 2. Vorsitzende Igelhilfe L\u00fcneburger Heide<\/p>\n<p><strong>Spendenkonto:<\/strong><\/p>\n<p>Sparkasse Uelzen L\u00fcchow-Dannenberg<br \/>\nIBAN: DE78 2585 0110 0230 4716 33<br \/>\nBIC: NOLADE21UEL<\/p>\n<p>Igelhilfe L\u00fcneburger Heide ist eine gemeinn\u00fctzige Organisation, deshalb erhalten Sie automatisch im Februar des Folgejahres Ihre Zuwendungsbest\u00e4tigung zur steuerlichen Absetzbarkeit f\u00fcr Ihre Spende.<\/p>\n<p>Igelhilfe L\u00fcneburger Heide f\u00fcr Tierschutz ist wegen F\u00f6rderung des Tierschutzes nach dem Freistellungsbescheid des Finanzamtes Uelzen nach \u00a7 5 des K\u00f6rperschaftsteuergesetzes von der K\u00f6rperschaftsteuer befreit.<\/p>\n<p><strong>Urheber- und Nutzungsrechtshinweise<\/strong><br \/>\nDie hier wiedergegebenen Werke, Texte, Grafiken und Bilder stehen unter dem Schutz des deutschen und internationalen Urheberrechts. Die Autoren gew\u00e4hren das Recht, einzelne Vervielf\u00e4ltigungsst\u00fccke zum pers\u00f6nlichen, nicht kommerziellen Gebrauch herzustellen. Alle weiteren Rechte, insbesondere das Recht der Vervielf\u00e4ltigung und der Verbreitung, sowie der \u00dcbersetzung sind vorbehalten. Kein Teil der hier wiedergegebenen Werke darf in irgendeiner Form (durch Fotokopie, Mikrofilm oder ein anderes Verfahren) ohne schriftliche Genehmigung der Autoren reproduziert oder unter Verwendung elektronischer Systeme gespeichert, verarbeitet, vervielf\u00e4ltigt oder verbreitet werden.<\/p>\n<p><strong>Disclaimer und Haftungshinweis<\/strong><br \/>\nIgelhilfe L\u00fcneburger Heide hat alle zumutbaren Anstrengungen unternommen, um sicher zu stellen, dass die auf dieser Website bereitgestellten Informationen zum Zeitpunkt der Bereitstellung richtig und vollst\u00e4ndig sind. Dennoch kann es zu unbeabsichtigten und zuf\u00e4lligen Fehlern gekommen sein, f\u00fcr die wir uns entschuldigen. Aus diesem Grund erfolgen alle Angaben ohne Gew\u00e4hr, und eine Haftung der Autoren bzw. von Igelhilfe L\u00fcneburger Heide ist ausgeschlossen.<\/p>\n<p><strong>Haftung f\u00fcr Links zu externen Seiten<\/strong><br \/>\nAuf unseren Seiten befinden sich Links auf externe Seiten Dritter. Da wir auf deren Inhalte keinen Einfluss haben, k\u00f6nnen wir f\u00fcr die Richtigkeit der Inhalte keine Gew\u00e4hr \u00fcbernehmen. F\u00fcr die Inhalte dieser externen Seiten ist immer der jeweilige Anbieter oder Betreiber verantwortlich. Zum Zeitpunkt der Verlinkung haben wir die externen Seiten auf m\u00f6gliche Rechtsverletzungen \u00fcberpr\u00fcft und keinerlei Rechtsverletzungen feststellen k\u00f6nnen. Da wir eine st\u00e4ndige \u00dcberpr\u00fcfung s\u00e4mtlicher Inhalte der von uns verlinkten Seiten ohne tats\u00e4chliche Anhaltspunkte nicht leisten k\u00f6nnen, k\u00f6nnen wir Links, die auf eine externe Seite mit rechtswidrigem Inhalt f\u00fchren, erst l\u00f6schen, wenn uns die Rechtsverletzungen bekannt geworden sind. Sollte uns eine solche Rechtsverletzung bekannt werden, so werden wir den Link sofort l\u00f6schen.<\/p>\n<p>Sollten Sie der Ansicht sein, dass die verlinkten externen Seiten gegen geltendes Recht versto\u00dfen oder sonst unangemessene Inhalt haben, so teilen Sie uns dies bitte mit.:\u00a0<a href=\"mailto:igelhilfe-lueneburger-heide@gmx.de\">Igelhilfe-lueneburger-heide@gmx.de<\/a><\/p>\n","protected":false},"excerpt":{"rendered":"<p>Igelhilfe L\u00fcneburger Heide \u2013 Gemeinn\u00fctziger Verein f\u00fcr Tierschutz Klaepenheide 13 29585 Jelmstorf, Deutschland Kontakt Anfragen k\u00f6nnen sehr gern \u00fcber unser Kontaktformular\u00a0gestellt werden. Weitere Kontaktm\u00f6glichkeiten: E-Mail:\u00a0Igelhilfe-lueneburger-heide@gmx.de Telefon: +49 5821 96 96 8 95 &nbsp; Vertreten durch den Vorstand: Cordula Maria Kellner \u2013 Vorstandsvorsitzende Igelhilfe L\u00fcneburger Heide Jutta M\u00fcller-Staude \u2013 2. Vorsitzende Igelhilfe L\u00fcneburger Heide Spendenkonto: Sparkasse [&hellip;]<\/p>\n","protected":false},"author":1,"featured_media":0,"parent":0,"menu_order":0,"comment_status":"closed","ping_status":"closed","template":"","meta":{"footnotes":""},"class_list":["post-293","page","type-page","status-publish","hentry"],"_links":{"self":[{"href":"https:\/\/igelhilfe-lueneburger-heide.de\/index.php?rest_route=\/wp\/v2\/pages\/293","targetHints":{"allow":["GET"]}}],"collection":[{"href":"https:\/\/igelhilfe-lueneburger-heide.de\/index.php?rest_route=\/wp\/v2\/pages"}],"about":[{"href":"https:\/\/igelhilfe-lueneburger-heide.de\/index.php?rest_route=\/wp\/v2\/types\/page"}],"author":[{"embeddable":true,"href":"https:\/\/igelhilfe-lueneburger-heide.de\/index.php?rest_route=\/wp\/v2\/users\/1"}],"replies":[{"embeddable":true,"href":"https:\/\/igelhilfe-lueneburger-heide.de\/index.php?rest_route=%2Fwp%2Fv2%2Fcomments&post=293"}],"version-history":[{"count":8,"href":"https:\/\/igelhilfe-lueneburger-heide.de\/index.php?rest_route=\/wp\/v2\/pages\/293\/revisions"}],"predecessor-version":[{"id":1276,"href":"https:\/\/igelhilfe-lueneburger-heide.de\/index.php?rest_route=\/wp\/v2\/pages\/293\/revisions\/1276"}],"wp:attachment":[{"href":"https:\/\/igelhilfe-lueneburger-heide.de\/index.php?rest_route=%2Fwp%2Fv2%2Fmedia&parent=293"}],"curies":[{"name":"wp","href":"https:\/\/api.w.org\/{rel}","templated":true}]}}